{"id":808,"date":"2024-06-06T10:19:18","date_gmt":"2024-06-06T08:19:18","guid":{"rendered":"https:\/\/bblescharmilles.com\/?page_id=808"},"modified":"2024-08-26T14:56:46","modified_gmt":"2024-08-26T12:56:46","slug":"mentions-legales","status":"publish","type":"page","link":"https:\/\/bblescharmilles.com\/en\/mentions-legales\/","title":{"rendered":"Mentions L\u00e9gales"},"content":{"rendered":"<div data-elementor-type=\"wp-page\" data-elementor-id=\"808\" class=\"elementor elementor-808\">\n\t\t\t\t<div class=\"elementor-element elementor-element-222753f e-flex e-con-boxed e-con e-parent\" data-id=\"222753f\" data-element_type=\"container\" data-e-type=\"container\" data-settings=\"{&quot;background_background&quot;:&quot;classic&quot;}\">\n\t\t\t\t\t<div class=\"e-con-inner\">\n\t\t\t\t<div class=\"elementor-element elementor-element-93142db elementor-widget elementor-widget-heading\" data-id=\"93142db\" data-element_type=\"widget\" data-e-type=\"widget\" data-widget_type=\"heading.default\">\n\t\t\t\t<div class=\"elementor-widget-container\">\n\t\t\t\t\t<h2 class=\"elementor-heading-title elementor-size-default\">GENERAL TERMS AND CONDITIONS OF USE \/ LEGAL INFORMATION<\/h2>\t\t\t\t<\/div>\n\t\t\t\t<\/div>\n\t\t\t\t\t<\/div>\n\t\t\t\t<\/div>\n\t\t<div class=\"elementor-element elementor-element-e973e05 e-flex e-con-boxed e-con e-parent\" data-id=\"e973e05\" data-element_type=\"container\" data-e-type=\"container\">\n\t\t\t\t\t<div class=\"e-con-inner\">\n\t\t\t\t<div class=\"elementor-element elementor-element-9bb64e8 elementor-widget elementor-widget-spacer\" data-id=\"9bb64e8\" data-element_type=\"widget\" data-e-type=\"widget\" data-widget_type=\"spacer.default\">\n\t\t\t\t<div class=\"elementor-widget-container\">\n\t\t\t\t\t\t\t<div class=\"elementor-spacer\">\n\t\t\t<div class=\"elementor-spacer-inner\"><\/div>\n\t\t<\/div>\n\t\t\t\t\t\t<\/div>\n\t\t\t\t<\/div>\n\t\t\t\t<div class=\"elementor-element elementor-element-3222471 elementor-widget elementor-widget-text-editor\" data-id=\"3222471\" data-element_type=\"widget\" data-e-type=\"widget\" data-widget_type=\"text-editor.default\">\n\t\t\t\t<div class=\"elementor-widget-container\">\n\t\t\t\t\t\t\t\t\t<h5 class=\"et_pb_toggle_title\">WEBSITE PRESENTATION<\/h5>\t\t\t\t\t\t\t\t<\/div>\n\t\t\t\t<\/div>\n\t\t\t\t<div class=\"elementor-element elementor-element-fb9c36d elementor-widget elementor-widget-text-editor\" data-id=\"fb9c36d\" data-element_type=\"widget\" data-e-type=\"widget\" data-widget_type=\"text-editor.default\">\n\t\t\t\t<div class=\"elementor-widget-container\">\n\t\t\t\t\t\t\t\t\t<div class=\"elementor-element elementor-element-62ef4e7 elementor-widget elementor-widget-heading\" data-id=\"62ef4e7\" data-element_type=\"widget\" data-widget_type=\"heading.default\"><div class=\"elementor-widget-container\"><p>Pursuant to Article 6 of French Law no. 2004-575 of 21 June 2004 on confidence in the digital economy, users of the website are hereby informed that\u00a0<a href=\"https:\/\/bblescharmilles.com\/en\/\">https:\/\/www.bblescharmilles.com<\/a>\u00a0the identity of the various parties involved in its implementation and monitoring :<\/p><p><span style=\"text-decoration: underline;\"><strong>Owner<\/strong>\u00a0:<\/span> B\u00e9atrice Collenot &#8211; EI &#8211; 15 rue Monge 21170 Saint-Jean-de-Losne<br \/><span style=\"text-decoration: underline;\"><strong>Publication manager<\/strong>\u00a0:<\/span> B\u00e9atrice Collenot\u00a0<br \/>The person responsible for publication is a natural person or a legal entity.<br \/><span style=\"text-decoration: underline;\"><strong>Webmaster<\/strong>\u00a0:<\/span> Meos Cr\u00e9ation &#8211; 0633495309 &#8211; <a href=\"http:\/\/www.meoscreation.com\">www.meoscreation.com<\/a><br \/><span style=\"text-decoration: underline;\"><strong>Host<\/strong>\u00a0:<\/span> Hostinger &#8211;\u00a0HOSTINGER operations, UAB &#8211;\u00a0\u0160vitrigailos str. 34, Vilnius 03230 Lithuania &#8211;\u00a0Phone: +37064503378 &#8211;\u00a0Email: <u>domains@hostinger.com<\/u><\/p><\/div><\/div>\t\t\t\t\t\t\t\t<\/div>\n\t\t\t\t<\/div>\n\t\t\t\t<div class=\"elementor-element elementor-element-ee85f57 elementor-widget elementor-widget-spacer\" data-id=\"ee85f57\" data-element_type=\"widget\" data-e-type=\"widget\" data-widget_type=\"spacer.default\">\n\t\t\t\t<div class=\"elementor-widget-container\">\n\t\t\t\t\t\t\t<div class=\"elementor-spacer\">\n\t\t\t<div class=\"elementor-spacer-inner\"><\/div>\n\t\t<\/div>\n\t\t\t\t\t\t<\/div>\n\t\t\t\t<\/div>\n\t\t\t\t<div class=\"elementor-element elementor-element-5fecbc4 elementor-widget elementor-widget-text-editor\" data-id=\"5fecbc4\" data-element_type=\"widget\" data-e-type=\"widget\" data-widget_type=\"text-editor.default\">\n\t\t\t\t<div class=\"elementor-widget-container\">\n\t\t\t\t\t\t\t\t\t<h5 class=\"et_pb_toggle_title\"><span style=\"font-family: inherit; font-size: 18px; font-weight: bold;\">INTELLECTUAL PROPERTY<\/span><\/h5>\t\t\t\t\t\t\t\t<\/div>\n\t\t\t\t<\/div>\n\t\t\t\t<div class=\"elementor-element elementor-element-15cd95d elementor-widget elementor-widget-text-editor\" data-id=\"15cd95d\" data-element_type=\"widget\" data-e-type=\"widget\" data-widget_type=\"text-editor.default\">\n\t\t\t\t<div class=\"elementor-widget-container\">\n\t\t\t\t\t\t\t\t\t<div class=\"elementor-element elementor-element-62ef4e7 elementor-widget elementor-widget-heading\" data-id=\"62ef4e7\" data-element_type=\"widget\" data-widget_type=\"heading.default\"><div class=\"elementor-widget-container\"><span style=\"font-family: var(--global-body-font-family);\">The creations presented on this site are protected by copyright in accordance with the provisions of Books I to III of the French Intellectual Property Code. As such, any reproduction, representation, use, adaptation, modification, incorporation, translation or commercialisation, whether in part or in full, of the elements contained on this site, without the prior written authorisation of B\u00e9atrice Collenot, is prohibited and constitutes an infringement punishable under articles L.335-2 et seq. of the French Intellectual Property Code.<\/span><\/div><\/div>\t\t\t\t\t\t\t\t<\/div>\n\t\t\t\t<\/div>\n\t\t\t\t<div class=\"elementor-element elementor-element-63fea7d elementor-widget elementor-widget-spacer\" data-id=\"63fea7d\" data-element_type=\"widget\" data-e-type=\"widget\" data-widget_type=\"spacer.default\">\n\t\t\t\t<div class=\"elementor-widget-container\">\n\t\t\t\t\t\t\t<div class=\"elementor-spacer\">\n\t\t\t<div class=\"elementor-spacer-inner\"><\/div>\n\t\t<\/div>\n\t\t\t\t\t\t<\/div>\n\t\t\t\t<\/div>\n\t\t\t\t<div class=\"elementor-element elementor-element-e2a682c elementor-widget elementor-widget-text-editor\" data-id=\"e2a682c\" data-element_type=\"widget\" data-e-type=\"widget\" data-widget_type=\"text-editor.default\">\n\t\t\t\t<div class=\"elementor-widget-container\">\n\t\t\t\t\t\t\t\t\t<h6>COPYRIGHT - REPRODUCTION RIGHTS<\/h6>\t\t\t\t\t\t\t\t<\/div>\n\t\t\t\t<\/div>\n\t\t\t\t<div class=\"elementor-element elementor-element-f147101 elementor-widget elementor-widget-text-editor\" data-id=\"f147101\" data-element_type=\"widget\" data-e-type=\"widget\" data-widget_type=\"text-editor.default\">\n\t\t\t\t<div class=\"elementor-widget-container\">\n\t\t\t\t\t\t\t\t\t<div class=\"elementor-element elementor-element-62ef4e7 elementor-widget elementor-widget-heading\" data-id=\"62ef4e7\" data-element_type=\"widget\" data-widget_type=\"heading.default\"><div class=\"elementor-widget-container\"><p>The entire site is subject to French and international legislation on copyright and intellectual property.<\/p><p>B\u00e9atrice Collenot is the owner of this website and all the elements that make it up.<\/p><p>In the absence of a written agreement between B\u00e9atrice Collenot and any natural person or legal entity, the general structure, as well as the texts, photos, images (animated or not), sounds, databases and any other element (with the exception of royalty-free elements) making up this site are the exclusive property of B\u00e9atrice Collenot.<\/p><p>Except with the agreement of B\u00e9atrice Collenot, any copy, reproduction in whole or in part, representation, adaptation or distribution of the content of the site by any process whatsoever and on any medium whatsoever is strictly prohibited and constitutes an infringement punishable by articles L.335-2 et seq. of the French Intellectual Property Code.<\/p><p>In addition, this site is protected as a database under articles L.341-1 et seq. of the French Intellectual Property Code. It is therefore expressly forbidden: any extraction, by permanent or temporary transfer, of all or part, qualitatively or quantitatively substantial of the site on another medium by any means and in any form whatsoever.<\/p><p>The re-use, by making available to the public, of all or a qualitatively or quantitatively substantial part of the content of the www.bblescharmilles.com website, in any form whatsoever, is prohibited.<\/p><p>The systematic extraction or re-use of qualitatively or quantitatively insubstantial parts of the site's content where such operations manifestly exceed the conditions of normal use of the site is prohibited.<\/p><p>Any unauthorised use of elements on the site will be prosecuted.<\/p><p>Trademarks and logos appearing on this site may not be reproduced without the express authorisation of B\u00e9atrice Collenot.<\/p><p>Infringement of the trademark owner's rights constitutes an infringement for which the infringer is liable (article L.716-1 of the aforementioned code).<\/p><\/div><\/div>\t\t\t\t\t\t\t\t<\/div>\n\t\t\t\t<\/div>\n\t\t\t\t<div class=\"elementor-element elementor-element-5db45ef elementor-widget elementor-widget-spacer\" data-id=\"5db45ef\" data-element_type=\"widget\" data-e-type=\"widget\" data-widget_type=\"spacer.default\">\n\t\t\t\t<div class=\"elementor-widget-container\">\n\t\t\t\t\t\t\t<div class=\"elementor-spacer\">\n\t\t\t<div class=\"elementor-spacer-inner\"><\/div>\n\t\t<\/div>\n\t\t\t\t\t\t<\/div>\n\t\t\t\t<\/div>\n\t\t\t\t<div class=\"elementor-element elementor-element-c3fa6f8 elementor-widget elementor-widget-text-editor\" data-id=\"c3fa6f8\" data-element_type=\"widget\" data-e-type=\"widget\" data-widget_type=\"text-editor.default\">\n\t\t\t\t<div class=\"elementor-widget-container\">\n\t\t\t\t\t\t\t\t\t<h6>PHOTO CREDITS<\/h6>\t\t\t\t\t\t\t\t<\/div>\n\t\t\t\t<\/div>\n\t\t\t\t<div class=\"elementor-element elementor-element-7d2773d elementor-widget elementor-widget-text-editor\" data-id=\"7d2773d\" data-element_type=\"widget\" data-e-type=\"widget\" data-widget_type=\"text-editor.default\">\n\t\t\t\t<div class=\"elementor-widget-container\">\n\t\t\t\t\t\t\t\t\t<div class=\"elementor-element elementor-element-62ef4e7 elementor-widget elementor-widget-heading\" data-id=\"62ef4e7\" data-element_type=\"widget\" data-widget_type=\"heading.default\"><span style=\"font-family: var(--global-body-font-family);\">B\u00e9atrice Collenot, Freepik, Unsplash, Cr\u00e9ative commons<\/span><\/div>\t\t\t\t\t\t\t\t<\/div>\n\t\t\t\t<\/div>\n\t\t\t\t<div class=\"elementor-element elementor-element-9d67e21 elementor-widget elementor-widget-spacer\" data-id=\"9d67e21\" data-element_type=\"widget\" data-e-type=\"widget\" data-widget_type=\"spacer.default\">\n\t\t\t\t<div class=\"elementor-widget-container\">\n\t\t\t\t\t\t\t<div class=\"elementor-spacer\">\n\t\t\t<div class=\"elementor-spacer-inner\"><\/div>\n\t\t<\/div>\n\t\t\t\t\t\t<\/div>\n\t\t\t\t<\/div>\n\t\t\t\t\t<\/div>\n\t\t\t\t<\/div>\n\t\t\t\t<\/div>","protected":false},"excerpt":{"rendered":"<p>conditions g\u00e9n\u00e9rales d&rsquo;utilisation \/ Mentions l\u00e9gales Pr\u00e9sentation du site internet En vertu de l\u2019article 6 de la loi n\u00b0 2004-575 du 21 juin 2004 pour la confiance dans l\u2019\u00e9conomie num\u00e9rique, il est pr\u00e9cis\u00e9 aux utilisateurs du site internet\u00a0https:\/\/www.bblescharmilles.com\u00a0l\u2019identit\u00e9 des diff\u00e9rents intervenants dans le cadre de sa r\u00e9alisation et de son suivi: Propri\u00e9taire\u00a0: B\u00e9atrice Collenot &#8211;&#8230;<\/p>","protected":false},"author":1,"featured_media":0,"parent":0,"menu_order":0,"comment_status":"closed","ping_status":"closed","template":"","meta":{"_kadence_starter_templates_imported_post":false,"_kad_post_transparent":"","_kad_post_title":"hide","_kad_post_layout":"fullwidth","_kad_post_sidebar_id":"","_kad_post_content_style":"unboxed","_kad_post_vertical_padding":"hide","_kad_post_feature":"hide","_kad_post_feature_position":"","_kad_post_header":false,"_kad_post_footer":false,"_kad_post_classname":"","slim_seo":{"description":"Pr\u00e9sentation bblescharmilles.com","noindex":"1","title":"Mentions L\u00e9gales"},"footnotes":""},"class_list":["post-808","page","type-page","status-publish","hentry"],"_links":{"self":[{"href":"https:\/\/bblescharmilles.com\/en\/wp-json\/wp\/v2\/pages\/808","targetHints":{"allow":["GET"]}}],"collection":[{"href":"https:\/\/bblescharmilles.com\/en\/wp-json\/wp\/v2\/pages"}],"about":[{"href":"https:\/\/bblescharmilles.com\/en\/wp-json\/wp\/v2\/types\/page"}],"author":[{"embeddable":true,"href":"https:\/\/bblescharmilles.com\/en\/wp-json\/wp\/v2\/users\/1"}],"replies":[{"embeddable":true,"href":"https:\/\/bblescharmilles.com\/en\/wp-json\/wp\/v2\/comments?post=808"}],"version-history":[{"count":22,"href":"https:\/\/bblescharmilles.com\/en\/wp-json\/wp\/v2\/pages\/808\/revisions"}],"predecessor-version":[{"id":1683,"href":"https:\/\/bblescharmilles.com\/en\/wp-json\/wp\/v2\/pages\/808\/revisions\/1683"}],"wp:attachment":[{"href":"https:\/\/bblescharmilles.com\/en\/wp-json\/wp\/v2\/media?parent=808"}],"curies":[{"name":"wp","href":"https:\/\/api.w.org\/{rel}","templated":true}]}}